{"id":1830,"date":"2022-07-12T12:48:53","date_gmt":"2022-07-12T12:48:53","guid":{"rendered":"https:\/\/kennethwindsor.com\/?page_id=1830"},"modified":"2022-09-28T09:54:34","modified_gmt":"2022-09-28T09:54:34","slug":"cookies-policy","status":"publish","type":"page","link":"https:\/\/kennethwindsor.com\/en\/cookies-policy\/","title":{"rendered":"Cookies policy"},"content":{"rendered":"\t\t<div data-elementor-type=\"wp-page\" data-elementor-id=\"1830\" class=\"elementor elementor-1830 elementor-495\">\n\t\t\t\t\t\t\t<div class=\"elementor-element elementor-element-819fa8e e-flex e-con-boxed e-con e-parent\" data-id=\"819fa8e\" data-element_type=\"container\" data-settings=\"{&quot;background_background&quot;:&quot;classic&quot;,&quot;content_width&quot;:&quot;boxed&quot;}\" data-core-v316-plus=\"true\">\n\t\t\t\t\t<div class=\"e-con-inner\">\n\t\t<div class=\"elementor-element elementor-element-6efa42e e-con-full e-flex e-con e-parent\" data-id=\"6efa42e\" data-element_type=\"container\" data-settings=\"{&quot;content_width&quot;:&quot;full&quot;}\" data-core-v316-plus=\"true\">\n\t\t\t\t<div class=\"elementor-element elementor-element-f413303 elementor-widget elementor-widget-heading\" data-id=\"f413303\" data-element_type=\"widget\" data-widget_type=\"heading.default\">\n\t\t\t\t<div class=\"elementor-widget-container\">\n\t\t\t<style>\/*! elementor - v3.16.0 - 17-10-2023 *\/\n.elementor-heading-title{padding:0;margin:0;line-height:1}.elementor-widget-heading .elementor-heading-title[class*=elementor-size-]>a{color:inherit;font-size:inherit;line-height:inherit}.elementor-widget-heading .elementor-heading-title.elementor-size-small{font-size:15px}.elementor-widget-heading .elementor-heading-title.elementor-size-medium{font-size:19px}.elementor-widget-heading .elementor-heading-title.elementor-size-large{font-size:29px}.elementor-widget-heading .elementor-heading-title.elementor-size-xl{font-size:39px}.elementor-widget-heading .elementor-heading-title.elementor-size-xxl{font-size:59px}<\/style><h1 class=\"elementor-heading-title elementor-size-default\">Cookies policy<\/h1>\t\t<\/div>\n\t\t\t\t<\/div>\n\t\t\t\t<\/div>\n\t\t\t\t\t<\/div>\n\t\t\t\t<\/div>\n\t\t<div class=\"elementor-element elementor-element-3894874 e-flex e-con-boxed e-con e-parent\" data-id=\"3894874\" data-element_type=\"container\" data-settings=\"{&quot;content_width&quot;:&quot;boxed&quot;}\" data-core-v316-plus=\"true\">\n\t\t\t\t\t<div class=\"e-con-inner\">\n\t\t<div class=\"elementor-element elementor-element-7d6b9b6 e-con-full e-flex e-con e-parent\" data-id=\"7d6b9b6\" data-element_type=\"container\" data-settings=\"{&quot;content_width&quot;:&quot;full&quot;}\" data-core-v316-plus=\"true\">\n\t\t\t\t<div class=\"elementor-element elementor-element-2a474ed elementor-widget elementor-widget-text-editor\" data-id=\"2a474ed\" data-element_type=\"widget\" data-widget_type=\"text-editor.default\">\n\t\t\t\t<div class=\"elementor-widget-container\">\n\t\t\t<style>\/*! elementor - v3.16.0 - 17-10-2023 *\/\n.elementor-widget-text-editor.elementor-drop-cap-view-stacked .elementor-drop-cap{background-color:#69727d;color:#fff}.elementor-widget-text-editor.elementor-drop-cap-view-framed .elementor-drop-cap{color:#69727d;border:3px solid;background-color:transparent}.elementor-widget-text-editor:not(.elementor-drop-cap-view-default) .elementor-drop-cap{margin-top:8px}.elementor-widget-text-editor:not(.elementor-drop-cap-view-default) .elementor-drop-cap-letter{width:1em;height:1em}.elementor-widget-text-editor .elementor-drop-cap{float:left;text-align:center;line-height:1;font-size:50px}.elementor-widget-text-editor .elementor-drop-cap-letter{display:inline-block}<\/style>\t\t\t\t<h4>1.\u00a0 \u00bfQU\u00c9 SON LAS COOKIES?<\/h4><p>Una cookie es un archivo de texto que un servidor web puede guardar en el disco duro de tu equipo para almacenar alg\u00fan tipo de informaci\u00f3n sobre ti como usuario. Las cookies se utilizan con diversas finalidades tales como almacenar datos para pr\u00f3ximas visitas, para reconocer al usuario y evitar pedir de nuevo la autentificaci\u00f3n, para saber que paginas visitas, o para guardar tus preferencias en \u00e1reas personalizables\u2026). Normalmente los sitios web utilizan las cookies para obtener informaci\u00f3n estad\u00edstica sobre sus p\u00e1ginas web, y analizar el comportamiento de sus clientes\/usuarios.<\/p><p>Quedan exceptuadas del cumplimiento de las obligaciones establecidas en el art\u00edculo 22.2 de la LSSI las cookies utilizadas para alguna de las siguientes finalidades:<\/p><ul><li>Permitir \u00fanicamente la comunicaci\u00f3n entre el equipo del usuario y la red.<\/li><li>Estrictamente prestar un servicio expresamente solicitado por el usuario.<\/li><\/ul><p>As\u00ed, quedan entre las cookies exceptuadas estar\u00edan aquellas que tienen por finalidad:<\/p><ul><li>Cookies de \u201centrada del usuario\u201d.<\/li><li>Cookies de autenticaci\u00f3n o identificaci\u00f3n de usuario (\u00fanicamente de sesi\u00f3n).<\/li><li>Cookies de seguridad del usuario<\/li><li>Cookies de sesi\u00f3n de reproductor multimedia.<\/li><li>Cookies de sesi\u00f3n para equilibrar la carga.<\/li><li>Cookies de personalizaci\u00f3n de la interfaz de usuario.<\/li><li>Determinadas cookies de complemento (plug-in) para intercambiar contenidos sociales<\/li><\/ul><p>Los usos concretos que hacemos de estas tecnolog\u00edas se describen en los siguientes apartados.<\/p><h4>2.\u00a0 TIPOS DE COOKIES<\/h4><p>Las cookies pueden clasificarse seg\u00fan los siguientes criterios:<\/p><p>Seg\u00fan\u00a0<strong>quien instala<\/strong>\u00a0la cookie, \u00e9stas pueden ser:<\/p><p><strong>Cookies propias:<\/strong>\u00a0Son aqu\u00e9llas que se env\u00edan al equipo terminal del usuario desde un equipo o dominio gestionado por el propio editor y desde el que se presta el servicio solicitado por el usuario.<\/p><p><strong>Cookies de terceros:<\/strong>\u00a0Son aqu\u00e9llas que se env\u00edan al equipo terminal del usuario bien desde un desde un equipo o dominio gestionado por nosotros o por un tercero, pero la informaci\u00f3n que se recoja las cookies es gestionada por un tercero distinto del titular de la web.<\/p><p>Seg\u00fan su\u00a0<strong>plazo<\/strong>\u00a0de conservaci\u00f3n, las cookies pueden ser:<\/p><p><strong>Cookies de sesi\u00f3n<\/strong>: Son aquellas que duran el tiempo que el usuario est\u00e1 navegando por la p\u00e1gina Web y se borran cuando finaliza la navegaci\u00f3n.<\/p><p><strong>Cookies persistentes:<\/strong>\u00a0Quedan almacenadas en el terminal del usuario, por un tiempo m\u00e1s largo, facilitando as\u00ed el control de las preferencias elegidas sin tener que repetir ciertos par\u00e1metros cada vez que se visite el sitio Web.<\/p><p>Seg\u00fan su\u00a0<strong>finalidad,<\/strong>\u00a0las cookies pueden ser:<\/p><p><strong>Cookies t\u00e9cnicas:<\/strong>\u00a0Las cookies t\u00e9cnicas son aquellas imprescindibles y estrictamente necesarias para el correcto funcionamiento de un sitio Web y el uso de las diversas opciones y servicios que ofrece. Por ejemplo, las de mantenimiento de sesi\u00f3n, las que permiten utilizar elementos de seguridad, compartir contenido con redes sociales, etc.<\/p><p><strong>Cookies de personalizaci\u00f3n:<\/strong>\u00a0Permiten al usuario escoger o personalizar caracter\u00edsticas de la p\u00e1gina Web como el idioma, configuraci\u00f3n regional o tipo de navegador.<\/p><p><strong>Cookies anal\u00edticas:<\/strong>\u00a0Son las utilizadas por los portales Web, para elaborar perfiles de navegaci\u00f3n y poder conocer las preferencias de los usuarios con el fin de mejorar la oferta de productos y servicios. Permiten controlar \u00e1reas geogr\u00e1ficas de mayor inter\u00e9s de un usuario, la informaci\u00f3n de la web de m\u00e1s aceptaci\u00f3n, etc.<\/p><p><strong>Cookies publicitarias \/ de publicidad:<\/strong>\u00a0son aquellas que almacenan informaci\u00f3n del comportamiento de los usuarios obtenida a trav\u00e9s de la observaci\u00f3n continuada de sus h\u00e1bitos de navegaci\u00f3n, lo que permite desarrollar un perfil espec\u00edfico para mostrar publicidad en funci\u00f3n del mismo.<\/p><h4>3.\u00a0\u00a0\u00a0 COOKIES UTILIZADAS EN NUESTRA WEB<\/h4><p>www.kennethwindsor.com utiliza los siguientes tipos de cookies en la web:<\/p><p><strong>Cookies t\u00e9cnicas<\/strong><\/p><p>Permiten al usuario navegar por la Web, recordar sus contrase\u00f1as y usar funcionalidades como el carrito de la compra.<\/p><p><strong>Cookies de personalizaci\u00f3n<\/strong><\/p><p>Permiten saber las preferencias del usuario: idioma, productos visitados..<\/p><p><strong>Cookies de an\u00e1lisis<\/strong><\/p><p>Utilizamos cookies de Google Analytics para cuantificar el n\u00famero de usuarios que visitan la Web. Estas cookies permiten medir y analizar la forma en que los usuarios navegan por la Web. Esta informaci\u00f3n permite a TENEBRAVA-3 S.L. mejorar continuamente sus servicios y la experiencia de los usuarios de la Web. Para obtener m\u00e1s informaci\u00f3n, puedes consultar la p\u00e1gina de privacidad de Google Analytics:\u00a0<a href=\"https:\/\/developers.google.com\/analytics\/devguides\/collection\/analyticsjs\/cookie-usage\" target=\"_blank\" rel=\"noopener\">https:\/\/developers.google.com\/analytics\/devguides\/collection\/analyticsjs\/cookie-usage<\/a>.<\/p><p><strong>Cookies publicitarias y publicitarias comportamentales<\/strong><\/p><p>Estas cookies son utilizadas para mostrar anuncios relevantes para los usuarios en funci\u00f3n del uso que realicen de nuestra web. Adem\u00e1s, limitan el n\u00famero de veces que cada usuario visualiza un anuncio y ayudan a TENEBRAVA-3 S.L. a medir la efectividad de sus campa\u00f1as publicitarias. Al navegar por la Web, el usuario acepta instalemos este tipo de cookies en su dispositivo y realicemos consultas cuando el usuario visite la Web de TENEBRAVA-3 S.L. en el futuro.\u00a0<\/p><p>\u00a0<\/p><p>\u00a0<\/p><p>\u00a0<\/p><p><strong>Cookies instaladas en nuestro dominio web:<\/strong><\/p><table width=\"652\"><thead><tr><td width=\"157\"><p>Nombre de la cookie<\/p><\/td><td width=\"178\"><p>Finalidad<\/p><\/td><td width=\"74\"><p>Propia\/ de terceros<\/p><\/td><td width=\"83\"><p>Duraci\u00f3n<\/p><\/td><td width=\"148\"><p>\u00bfCu\u00e1ndo se instala?<\/p><\/td><\/tr><\/thead><tbody><tr><td width=\"157\"><p>PHPSESSID<\/p><\/td><td width=\"178\"><p>T\u00e9cnica<\/p><\/td><td width=\"74\"><p>Propia<\/p><\/td><td width=\"83\"><p>De sesi\u00f3n<\/p><\/td><td width=\"148\"><p>Cuando se accede al sitio Web<\/p><\/td><\/tr><tr><td width=\"157\"><p>_lang<\/p><\/td><td width=\"178\"><p>T\u00e9cnica y estrictamente necesaria que contiene el idioma de la sesi\u00f3n<\/p><\/td><td width=\"74\"><p>Terceros<\/p><\/td><td width=\"83\"><p>De sesi\u00f3n<\/p><\/td><td width=\"148\"><p>Cuando se accede al sitio web<\/p><\/td><\/tr><tr><td width=\"157\"><p>cmplz_consent_status<\/p><p>\u00a0<\/p><p>cmplz_policy_id<\/p><p>\u00a0<\/p><p>cmplz_choice<\/p><p>\u00a0<\/p><p>cmplz_preferences<\/p><p>\u00a0<\/p><p>cmplz_marketing<\/p><p>\u00a0<\/p><p>cmplz_statistics<\/p><p>\u00a0<\/p><p>cmplz_functional<\/p><p>\u00a0<\/p><p>cmplz_statistics-anonymous<\/p><p>\u00a0<\/p><\/td><td width=\"178\"><p>T\u00e9cnica y estrictamente necesaria que almacena la aceptaci\u00f3n de la instalaci\u00f3n de cookies.<\/p><\/td><td width=\"74\"><p>Propia<\/p><\/td><td width=\"83\"><p>1 a\u00f1o<\/p><\/td><td width=\"148\"><p>Cuando se accede al sitio web<\/p><\/td><\/tr><tr><td width=\"157\"><p>yabs-sid<\/p><p>\u00a0<\/p><p>yandexuid<\/p><p>\u00a0<\/p><p>yuidss<\/p><p>\u00a0<\/p><p>i<\/p><p>\u00a0<\/p><p>_ym_isad<\/p><p>\u00a0<\/p><p>_ym_uid<\/p><p>\u00a0<\/p><p>_ym_d<\/p><\/td><td width=\"178\"><p>Anal\u00edtica \u2013 Sesiones de los visitantes de la herramienta Yandex.<\/p><\/td><td width=\"74\"><p>Terceros<\/p><\/td><td width=\"83\"><p>Sesi\u00f3n \/ 1 a\u00f1o<\/p><\/td><td width=\"148\"><p>Cuando se aceptan las cookies<\/p><\/td><\/tr><tr><td width=\"157\"><p>yandexuid<\/p><\/td><td width=\"178\"><p>Cookie utilizada por la herramienta ZOPIM para permitir chatear en directo con la atenci\u00f3n al cliente<\/p><\/td><td width=\"74\"><p>Terceros<\/p><\/td><td width=\"83\"><p>Un a\u00f1o y un mes<\/p><\/td><td width=\"148\"><p>Cuando se aceptan las cookies<\/p><\/td><\/tr><tr><td width=\"157\"><p>utbi_umenu_settings<\/p><p>\u00a0<\/p><p>utbi_umenu_settings<\/p><\/td><td width=\"178\"><p>No tenemos informaci\u00f3n disponible.<\/p><\/td><td width=\"74\"><p>Terceros<\/p><\/td><td width=\"83\"><p>De sesi\u00f3n<\/p><\/td><td width=\"148\"><p>Cuando se aceptan las cookies<\/p><\/td><\/tr><tr><td width=\"157\"><p>_ga<\/p><\/td><td width=\"178\"><p>Cookie anal\u00edtica de GOOGLE Analytics que se usa para distinguir a los usuarios<\/p><\/td><td width=\"74\"><p>Terceros<\/p><\/td><td width=\"83\"><p>2 a\u00f1os<\/p><\/td><td width=\"148\"><p>Cuando se aceptan las cookies<\/p><\/td><\/tr><tr><td width=\"157\"><p>_gid<\/p><\/td><td width=\"178\"><p>Cookie anal\u00edtica de GOOGLE Analytics que se usa para distinguir a los usuarios<\/p><\/td><td width=\"74\"><p>Terceros<\/p><\/td><td width=\"83\"><p>24 horas<\/p><\/td><td width=\"148\"><p>Cuando se aceptan las cookies<\/p><\/td><\/tr><tr><td width=\"157\"><p>_gat<\/p><\/td><td width=\"178\"><p>Cookie anal\u00edtica de GOOGLE Analytics que se usa para limitar el porcentaje de solicitudes<\/p><\/td><td width=\"74\"><p>Terceros<\/p><\/td><td width=\"83\"><p>\u00a0<\/p><p>1 minuto<\/p><\/td><td width=\"148\"><p>Cuando se aceptan las cookies<\/p><\/td><\/tr><\/tbody><\/table><p>Esta web, como la mayor\u00eda de sitios web, incluye funcionalidades proporcionadas por terceros.<\/p><p>Nuestra web es una web viva y se pueden incluir nuevos dise\u00f1os o servicios de terceros. Esto puede modificar ocasionalmente la configuraci\u00f3n de cookies y que aparezcan cookies no detalladas de forma pormenorizada en la presente pol\u00edtica.<\/p><h4>4.\u00a0\u00a0\u00a0 INFORMACI\u00d3N Y OBTENCI\u00d3N DEL CONSENTIMIENTO PARA LA INSTALACI\u00d3N<\/h4><p>www.kennethwindsor.com procurar\u00e1 en todo momento establecer mecanismos adecuados para obtener el consentimiento del Usuario para la instalaci\u00f3n de cookies que lo requieran. Cuando un usuario accede a nuestra web aparece un pop-up en el que se informa de la existencia de cookies y de que al aceptarlas presta su consentimiento para la instalaci\u00f3n de cookies.<\/p><h4>5.\u00a0\u00a0\u00a0 \u00bfC\u00d3MO PUEDO IMPEDIR LA INSTALACI\u00d3N DE COOKIES?<\/h4><p>El usuario puede rechazar la instalaci\u00f3n de todas aquellas cookies, seg\u00fan sus preferencias, salvo aquellas que autorice expresamente o las que son de perfil t\u00e9cnico y deben ser instaladas para garantizar el funcionamiento correcto de la p\u00e1gina web,\u00a0 se\u00f1alando las que desee instalar o rechazar en el pop-up o ventana de aceptaci\u00f3n de cookies que aparece al ingresar en la home. No obstante, existen otras formas de evitar que se instalen cookies en el equipo, como les indicamos a continuaci\u00f3n.<\/p><p>El usuario puede configurar su navegador para aceptar, o no, las cookies que recibe o para que el navegador le avise cuando un servidor quiera guardar una cookie. Si se deshabilitan algunas cookies t\u00e9cnicas no se garantiza el correcto funcionamiento de algunas de las utilidades de la web.<\/p><p>El usuario podr\u00e1 excluir que se almacenen en su terminal las cookies\u00a0<em>\u00abanal\u00edticas y publicitarias\u201d<\/em>\u00a0de Google Analytics mediante los\u00a0<a href=\"https:\/\/tools.google.com\/dlpage\/gaoptout\" target=\"_blank\" rel=\"noopener\">sistemas de exclusi\u00f3n facilitados por\u00a0Google Analytics.<\/a><\/p><p>A continuaci\u00f3n, tambi\u00e9n le facilitamos algunos ejemplos de c\u00f3mo deshabilitar las cookies:<\/p><ol><li><strong>Mediante la configuraci\u00f3n del propio navegador:<\/strong><\/li><\/ol><ul><li>Internet Explorer:\u00a0<a href=\"http:\/\/windows.microsoft.com\/es-es\/windows-vista\/block-or-allow-cookies\" target=\"_blank\" rel=\"noopener\">http:\/\/windows.microsoft.com\/es-es\/windows-vista\/block-or-allow-cookies<\/a><\/li><li>Firefox:\u00a0<a href=\"https:\/\/support.mozilla.org\/es\/kb\/habilitar-y-deshabilitar-cookies-que-los-sitios-web\" target=\"_blank\" rel=\"noopener\">https:\/\/support.mozilla.org\/es\/kb\/habilitar-y-deshabilitar-cookies-que-los-sitios-web<\/a><\/li><li>Safari:\u00a0<a href=\"http:\/\/support.apple.com\/kb\/HT1677?viewlocale=es_ES\" target=\"_blank\" rel=\"noopener\">http:\/\/support.apple.com\/kb\/HT1677?viewlocale=es_ES<\/a>.<\/li><li>Chrome:\u00a0<a href=\"https:\/\/support.google.com\/accounts\/answer\/61416?hl=es\" target=\"_blank\" rel=\"noopener\">https:\/\/support.google.com\/accounts\/answer\/61416?hl=es<\/a>.<\/li><li>Opera:\u00a0<a href=\"http:\/\/help.opera.com\/Windows\/11.50\/es-ES\/cookies.html\" target=\"_blank\" rel=\"noopener\">http:\/\/help.opera.com\/Windows\/11.50\/es-ES\/cookies.html<\/a><\/li><\/ul><p>Para ampliar esta informaci\u00f3n acuda a la p\u00e1gina de la Agencia Espa\u00f1ola de Protecci\u00f3n de Datos que ayuda a configurar la privacidad en redes sociales, navegadores y sistemas operativos m\u00f3viles.\u00a0<a href=\"http:\/\/www.agpd.es\/portalwebAGPD\/CanalDelCiudadano\/protegetuprivacidad\/index-ides-idphp.php\" target=\"_blank\" rel=\"noopener\">M\u00e1s informaci\u00f3n.<\/a><\/p><ol><li><strong>Mediante herramientas de terceros:<\/strong><\/li><\/ol><p>Existen herramientas de terceros, disponibles on-line, que permiten a los usuarios detectar las cookies en cada sitio web que visita y gestionar su desactivaci\u00f3n, por ejemplo:<\/p><p><a href=\"http:\/\/www.ghostery.com\/\" target=\"_blank\" rel=\"noopener\">http:\/\/www.ghostery.com<\/a><\/p><p><a href=\"http:\/\/www.youronlinechoices.com\/es\/\" target=\"_blank\" rel=\"noopener\">http:\/\/www.youronlinechoices.com\/es\/<\/a><\/p><p>En todo caso, el usuario puede permitir o bloquear las cookies, as\u00ed como borrar sus datos de navegaci\u00f3n (incluidas las cookies) desde el navegador que utiliza. Consulte las opciones e instrucciones que ofrece su navegador para ello. Tenga en cuenta que si acepta las cookies de terceros, deber\u00e1 eliminarlas desde las opciones del navegador.<\/p><h4>6.\u00a0\u00a0\u00a0 \u00a0ENLACES A OTROS SITIOS WEB<\/h4><p>Si opta por abandonar nuestro sitio Web a trav\u00e9s de enlaces a otros sitios Web no pertenecientes a nuestra entidad, no nos haremos responsables de las pol\u00edticas de privacidad de dichos sitios Web ni de las cookies que estos puedan almacenar en el ordenador del usuario.<\/p><h4>7.\u00a0\u00a0\u00a0 \u00bfC\u00d3MO RECOPILAMOS Y USAMOS LAS DIRECCIONES IP?<\/h4><p>Los servidores de la Web podr\u00e1n detectar de manera autom\u00e1tica la direcci\u00f3n IP y el nombre de dominio utilizados por los usuarios.<\/p><p>Una direcci\u00f3n IP es un n\u00famero asignado autom\u00e1ticamente a un ordenador cuando \u00e9ste se conecta a Internet. Esta informaci\u00f3n permite el posterior procesamiento de los datos con el fin de saber si ha prestado su consentimiento para la instalaci\u00f3n de cookies, realizar mediciones \u00fanicamente estad\u00edsticas que permitan conocer el n\u00famero de visitas realizadas a la Web, el orden de visitas, el punto de acceso, etc.<\/p><h4>8.\u00a0\u00a0\u00a0 \u00a0TRANSFERENCIA INTERNACIONAL DE DATOS<\/h4><p>Las cookies instaladas en nuestro dominio web se instalan en nuestro servidor por lo que los datos en ellas recogidos no son sometidos a transferencias internacionales de datos.<\/p><p>Las cookies de terceros instaladas en nuestra web por dominios de terceros pueden estar sometidos a transferencia internacional de datos. Para obtener m\u00e1s informaci\u00f3n sobre las posibles transferencias internacionales de datos que estas cookies puedan suponer le recomendamos pulsar en el apartado\u00a0<em>\u201cm\u00e1s informaci\u00f3n\u201d<\/em>\u00a0de la cookie que quieran consultar.<\/p><h4>9.\u00a0\u00a0\u00a0 ACTUALIZACI\u00d3N DE NUESTRA POL\u00cdTICA DE COOKIES<\/h4><p>Esta pol\u00edtica se revisa peri\u00f3dicamente para asegurar su vigencia, por lo que puede ser modificada. Le recomendamos que visite la p\u00e1gina con regularidad donde le informaremos de cualquier actualizaci\u00f3n al respecto.<\/p><p><strong>Fecha: 29 noviembre 2021<\/strong><\/p><p><strong>Versi\u00f3n: V.1.0<\/strong><\/p>\t\t\t\t\t\t<\/div>\n\t\t\t\t<\/div>\n\t\t\t\t<\/div>\n\t\t\t\t\t<\/div>\n\t\t\t\t<\/div>\n\t\t\t\t\t\t\t<\/div>\n\t\t","protected":false},"excerpt":{"rendered":"<p>1.\u00a0 \u00bfQU\u00c9 SON LAS COOKIES? Una cookie es un archivo de texto que un servidor web puede guardar en el disco duro de tu equipo para almacenar alg\u00fan tipo de informaci\u00f3n sobre ti como usuario. Las cookies se utilizan con diversas finalidades tales como almacenar datos para pr\u00f3ximas visitas, para reconocer al usuario y evitar &#8230; <a title=\"Cookies policy\" class=\"read-more\" href=\"https:\/\/kennethwindsor.com\/en\/cookies-policy\/\" aria-label=\"More on Cookies policy\">Read more<\/a><\/p>\n","protected":false},"author":1,"featured_media":0,"parent":0,"menu_order":0,"comment_status":"closed","ping_status":"closed","template":"elementor_header_footer","meta":{"footnotes":""},"class_list":["post-1830","page","type-page","status-publish"],"acf":[],"_links":{"self":[{"href":"https:\/\/kennethwindsor.com\/en\/wp-json\/wp\/v2\/pages\/1830","targetHints":{"allow":["GET"]}}],"collection":[{"href":"https:\/\/kennethwindsor.com\/en\/wp-json\/wp\/v2\/pages"}],"about":[{"href":"https:\/\/kennethwindsor.com\/en\/wp-json\/wp\/v2\/types\/page"}],"author":[{"embeddable":true,"href":"https:\/\/kennethwindsor.com\/en\/wp-json\/wp\/v2\/users\/1"}],"replies":[{"embeddable":true,"href":"https:\/\/kennethwindsor.com\/en\/wp-json\/wp\/v2\/comments?post=1830"}],"version-history":[{"count":0,"href":"https:\/\/kennethwindsor.com\/en\/wp-json\/wp\/v2\/pages\/1830\/revisions"}],"wp:attachment":[{"href":"https:\/\/kennethwindsor.com\/en\/wp-json\/wp\/v2\/media?parent=1830"}],"curies":[{"name":"wp","href":"https:\/\/api.w.org\/{rel}","templated":true}]}}